{"id":16445,"date":"2025-08-22T18:52:41","date_gmt":"2025-08-22T18:52:41","guid":{"rendered":"https:\/\/geraisviagens.com.br\/?post_type=product&#038;p=16445"},"modified":"2025-09-04T16:08:55","modified_gmt":"2025-09-04T16:08:55","slug":"natal-luz-tiradentes-x-bichinho-15-11-2025","status":"publish","type":"product","link":"https:\/\/advocacia7.entrandonodigital.com\/?product=natal-luz-tiradentes-x-bichinho-15-11-2025","title":{"rendered":""},"content":{"rendered":"<h1><strong>\u2b50NATAL LUZ EM TIRADENTES: A MAGIA NATALINA EMOLDURADA PELO CHARME DE MINAS.<\/strong><\/h1>\n<p data-start=\"210\" data-end=\"540\"><span style=\"color: #808080;\">Durante o Natal Luz, Tiradentes se transforma em um verdadeiro cen\u00e1rio de conto de fadas. As ruas de pedra e igrejas coloniais ganham ilumina\u00e7\u00e3o especial, pres\u00e9pios e apresenta\u00e7\u00f5es culturais que encantam moradores e visitantes. \u00c9 a combina\u00e7\u00e3o perfeita entre a atmosfera natalina e o charme barroco da cidade. Um passeio m\u00e1gico para viver a tradi\u00e7\u00e3o, a f\u00e9 e a beleza de Minas Gerais.<\/span><\/p>\n<p data-start=\"210\" data-end=\"540\"><span style=\"color: #000000;\"><span style=\"color: #ff0000;\"><small>ATEN\u00c7\u00c3O:<\/small><\/span> <span style=\"color: #808080;\">Recomendamos fortemente que <span style=\"color: #000000;\"><strong>leia<\/strong> <\/span>com aten\u00e7\u00e3o todas as informa\u00e7\u00f5es deste roteiro antes de confirmar sua reserva. Verifique sua <span style=\"color: #000000;\"><strong>disponibilidade para a data<\/strong><\/span> e consulte nossa <span style=\"color: #000000;\"><strong>Pol\u00edtica de Cancelamento.<\/strong><\/span> As informa\u00e7\u00f5es deste descritivo t\u00eam validade de acordo entre as partes.<\/span><\/span><\/p>\n<hr \/>\n<h3><span style=\"color: #000000;\">\ud83d\udcc5DATA DE SA\u00cdDA &#8211; 20\/12\/2025<\/span><\/h3>\n<hr \/>\n<h3><span style=\"color: #000000;\">\ud83d\ude8dLOCAIS DE EMBARQUE<\/span><\/h3>\n<p><span style=\"color: #000000;\"><strong>\ud83d\udccdBetim<\/strong><\/span><br \/>\n<span style=\"color: #000000;\"><strong>Hor\u00e1rio<\/strong> \u2013 <span style=\"color: #808080;\">7h;<\/span><\/span><br \/>\n<span style=\"color: #000000;\"><strong>Local<\/strong> \u2013 <span style=\"color: #808080;\">Rodovi\u00e1ria de Betim.<\/span><\/span><\/p>\n<p><span style=\"color: #000000;\"><strong>\ud83d\udccdContagem<\/strong><\/span><br \/>\n<span style=\"color: #000000;\"><strong>Hor\u00e1rio<\/strong> \u2013 <span style=\"color: #808080;\">7h20;<\/span><\/span><br \/>\n<span style=\"color: #000000;\"><strong>Local<\/strong> \u2013 <span style=\"color: #808080;\">P\u00e7. da CEMIG &#8211; Av. Babita Camargos, 746 (ao lado da Via\u00e7\u00e3o Cometa).<\/span><\/span><\/p>\n<p><span style=\"color: #000000;\"><strong>\ud83d\udccdBelo Horizonte<\/strong><\/span><br \/>\n<span style=\"color: #000000;\"><strong>Hor\u00e1rio<\/strong> \u2013 <span style=\"color: #808080;\">07h40;<\/span><\/span><br \/>\n<span style=\"color: #000000;\"><strong>Local<\/strong> \u2013 <span style=\"color: #808080;\">Terminal tur\u00edstico JK -Rua dos Guajajaras, 1353.<\/span><\/span><\/p>\n<p><span style=\"color: #ff0000;\">ATEN\u00c7\u00c3O: <\/span><span class=\"a_GcMg font-feature-liga-off font-feature-clig-off font-feature-calt-off text-decoration-none text-strikethrough-none\" style=\"color: #808080;\">Toler\u00e2ncia de <strong><span style=\"color: #000000;\">10 minutos<\/span><\/strong> no embarque. Tempo de viagem: <strong><span style=\"color: #000000;\">aproximadamente 3h30<\/span><\/strong> (refer\u00eancia de Belo Horizonte em condi\u00e7\u00f5es normais de tr\u00e2nsito).<\/span><\/p>\n<hr \/>\n<h3><span style=\"color: #000000;\">\ud83d\udcc5DATA DO RETORNO &#8211; 13\/12\/2025<\/span><\/h3>\n<hr \/>\n<h3><span style=\"color: #000000; font-size: 22px;\">\u2705INCLUSO NO PACOTE<\/span><\/h3>\n<ul>\n<li><span style=\"color: #808080;\">Transporte credenciado ANTT (Van ou Micro-\u00f4nibus);<\/span><\/li>\n<li><span style=\"color: #808080;\"><span class=\"a_GcMg font-feature-liga-off font-feature-clig-off font-feature-calt-off text-decoration-none text-strikethrough-none\">City tour em Tiradentes com guia local<\/span><span class=\"a_GcMg font-feature-liga-off font-feature-clig-off font-feature-calt-off text-decoration-none text-strikethrough-none\">;<\/span><\/span><\/li>\n<li><span style=\"color: #808080;\">Retirada do passaporte e carimbo da estrada real (opcional);<\/span><\/li>\n<li><span class=\"a_GcMg font-feature-liga-off font-feature-clig-off font-feature-calt-off text-decoration-none text-strikethrough-none\" style=\"color: #808080;\">Noite livre em Tiradentes para apreciar as luzes de natal;<\/span><\/li>\n<li><span style=\"color: #808080;\">Condutor de turismo da ag\u00eancia;<\/span><\/li>\n<li><span style=\"color: #808080;\">Seguro individual;<\/span><\/li>\n<li><span style=\"color: #808080;\">Seguro viagem.<\/span><\/li>\n<\/ul>\n<p><strong><span style=\"color: #000000;\"><span style=\"color: #ff0000;\">ATEN\u00c7\u00c3O: <\/span><\/span><\/strong><span style=\"color: #000000;\"><span class=\"a_GcMg font-feature-liga-off font-feature-clig-off font-feature-calt-off text-decoration-none text-strikethrough-none\">N\u00e3o demarcarmos poltronas. Elas s\u00e3o ocupadas por ordem de embarque.<\/span><\/span><\/p>\n<hr \/>\n<h3><span style=\"color: #000000;\">\u274c N\u00c3O INCLUSO<\/span><\/h3>\n<ul>\n<li><span class=\"a_GcMg font-feature-liga-off font-feature-clig-off font-feature-calt-off text-decoration-none text-strikethrough-none\" style=\"color: #808080;\">Despesas n\u00e3o mencionadas em incluso.<\/span><\/li>\n<\/ul>\n<hr \/>\n<h3><span style=\"color: #000000;\">\ud83d\uddfa\ufe0f ROTEIRO PROGRAMADO<\/span><\/h3>\n<ul>\n<li><span style=\"color: #808080;\">Breve parada para caf\u00e9 (opcional);<\/span><\/li>\n<li><span style=\"color: #808080;\">12h &#8211; Chegada prevista em Tiradentes;<\/span><\/li>\n<li><span style=\"color: #808080;\">12h10 &#8211; Almo\u00e7o em restaurante local (opcional);<\/span><\/li>\n<li><span class=\"a_GcMg font-feature-liga-off font-feature-clig-off font-feature-calt-off text-decoration-none text-strikethrough-none\" style=\"color: #808080;\">13h10 &#8211; City tour com guia local (incluso);<\/span><\/li>\n<li><span class=\"a_GcMg font-feature-liga-off font-feature-clig-off font-feature-calt-off text-decoration-none text-strikethrough-none\" style=\"color: #808080;\">Visita aos principais pontos tur\u00edsticos;<\/span><\/li>\n<li><span style=\"color: #808080;\">Retirada do passaporte e carimbo estrada real;<\/span><\/li>\n<li><span class=\"a_GcMg font-feature-liga-off font-feature-clig-off font-feature-calt-off text-decoration-none text-strikethrough-none\" style=\"color: #808080;\">Restante do dia para contempla\u00e7\u00e3o e fotos da decora\u00e7\u00e3o de Natal;<\/span><\/li>\n<li><span style=\"color: #808080;\">Exposi\u00e7\u00e3o dos pres\u00e9pios;<\/span><\/li>\n<li><span class=\"a_GcMg font-feature-liga-off font-feature-clig-off font-feature-calt-off text-decoration-none text-strikethrough-none\" style=\"color: #808080;\">Casa do Papai Noel;<\/span><\/li>\n<li><span class=\"a_GcMg font-feature-liga-off font-feature-clig-off font-feature-calt-off text-decoration-none text-strikethrough-none\" style=\"color: #808080;\">18h &#8211; Acendimento das luzes;<\/span><\/li>\n<li><span style=\"color: #808080;\">20h &#8211; Retorno a Belo Horizonte;<\/span><\/li>\n<li><span style=\"color: #808080;\">Chegada estimada: 23h30 (considerando tr\u00e2nsito normal).<\/span><\/li>\n<\/ul>\n<p><span style=\"color: #000000;\"><span style=\"color: #ff0000;\"><strong>OBSERVA\u00c7\u00c3O<\/strong>:<\/span>\u00a0 Taxas de entrada em igrejas e outros atrativos s\u00e3o por conta do participante.<\/span><\/p>\n<hr \/>\n<h3><span style=\"color: #000000;\">\ud83d\udcb5<\/span><span style=\"color: #000000;\">RESERVA E FORMAS DE PAGAMENTO<\/span><\/h3>\n<p data-start=\"146\" data-end=\"239\"><span style=\"color: #000000;\">\u2705 <\/span><span style=\"color: #000000;\"><strong data-start=\"417\" data-end=\"444\">Confirma\u00e7\u00e3o da reserva:<\/strong> <span style=\"color: #808080;\">mediante pagamento integral ou parcial (50%). No caso do pagamento parcial, o valor restante pode ser acertado via <strong data-start=\"556\" data-end=\"569\"><span style=\"color: #000000;\">Pix<\/span> <\/strong>(sem juros), com a \u00faltima parcela para o dia <span style=\"color: #000000;\"><strong>08\/12\/2025.<\/strong><\/span><\/span><\/span><\/p>\n<p data-start=\"146\" data-end=\"239\">\ud83d\udcb3 <span style=\"color: #000000;\"><strong data-start=\"191\" data-end=\"205\">Pagamento:<\/strong><\/span><span style=\"color: #808080;\"> em nosso site, voc\u00ea pode escolher pagar via <strong data-start=\"250\" data-end=\"269\"><span style=\"color: #000000;\">Pix<\/span> <\/strong>(sem juros) ou <strong data-start=\"273\" data-end=\"306\"><span style=\"color: #000000;\">cart\u00e3o de cr\u00e9dito<\/span> <\/strong>(com juros). \u00c9 poss\u00edvel optar pelo valor integral do pacote ou pelo pagamento do sinal\/entrada para garantir sua vaga.<\/span><\/p>\n<p data-start=\"146\" data-end=\"239\"><strong><span style=\"color: #000000;\"><span style=\"color: #ff0000;\">ATEN\u00c7\u00c3O: <\/span><\/span><\/strong><span style=\"color: #000000;\"><span class=\"a_GcMg font-feature-liga-off font-feature-clig-off font-feature-calt-off text-decoration-none text-strikethrough-none\">O passeio ser\u00e1 efetivado apenas ap\u00f3s atingirmos o qu\u00f3rum m\u00ednimo necess\u00e1rio.<\/span><\/span><\/p>\n<hr \/>\n<h3><span style=\"color: #000000;\">\ud83d\udcb0VALOR POR PESSOA<\/span><\/h3>\n<p><span style=\"color: #000000;\"><strong>Investimento:<\/strong> <span style=\"color: #808080;\">R$219,00.<\/span><\/span><\/p>\n<hr \/>\n<p>\u26a0\ufe0f<span style=\"color: #000000;\"><span style=\"color: #808080;\">Sabemos que ningu\u00e9m reserva um passeio pensando em cancelar, mas imprevistos podem acontecer. A desist\u00eancia impacta toda a opera\u00e7\u00e3o, pois, a partir da sua reserva, j\u00e1 assumimos compromissos com fornecedores e prestadores de servi\u00e7os. Por isso,<\/span> <strong>antes de garantir sua vaga<\/strong>, <span style=\"color: #808080;\">se atente as leituras a seguir:<\/span><\/span><\/p>\n<p data-start=\"847\" data-end=\"961\" data-is-last-node=\"\" data-is-only-node=\"\">\ud83d\udc49<span style=\"color: #000000;\"><span style=\"color: #808080;\">Condi\u00e7\u00f5es clim\u00e1ticas<\/span> <strong data-start=\"474\" data-end=\"520\"><a class=\"\" style=\"color: #000000;\" href=\"https:\/\/advocacia7.entrandonodigital.com\/?page_id=15887\" target=\"_new\" rel=\"noopener\" data-start=\"476\" data-end=\"518\">CLIQUE AQUI;<\/a><\/strong><\/span><\/p>\n<p>\ud83d\udc49<span style=\"color: #000000;\"><span style=\"color: #808080;\">Termos do contrato<\/span> <strong data-start=\"474\" data-end=\"520\"><a class=\"\" style=\"color: #000000;\" href=\"https:\/\/advocacia7.entrandonodigital.com\/?page_id=15893\" target=\"_new\" rel=\"noopener\" data-start=\"476\" data-end=\"518\">CLIQUE AQUI.<\/a><\/strong><\/span><\/p>\n<hr \/>\n<p>\u2728<span style=\"color: #000000;\"><span style=\"color: #808080;\"><em data-start=\"788\" data-end=\"824\">\u201cViajar \u00e9 trocar a roupa da alma.\u201d<\/em><\/span> \u2014 M\u00e1rio Quintana<\/span><br data-start=\"841\" data-end=\"844\" \/><span style=\"color: #000000;\">\ud83d\udcf2<span style=\"color: #808080;\">Em caso de d\u00favidas, fale com a gente pelo WhatsApp<\/span> <strong data-start=\"474\" data-end=\"520\"><a class=\"\" style=\"color: #000000;\" href=\"https:\/\/wa.me\/5531995101188\" target=\"_new\" rel=\"noopener\" data-start=\"476\" data-end=\"518\">CLICANDO AQUI<\/a><\/strong>.<\/span><\/p>\n","protected":false},"excerpt":{"rendered":"<p data-start=\"870\" data-end=\"976\"><span style=\"color: #808080;\">Reserve sua vaga escolhendo, abaixo, a<\/span><strong>\u00a0<span style=\"color: #000000;\">data<\/span><\/strong><span style=\"color: #000000;\">\u00a0<\/span><span style=\"color: #808080;\">e a forma de pagamento:<\/span> <strong><span style=\"color: #000000;\">integral<\/span>\u00a0<\/strong><span style=\"color: #808080;\">ou\u00a0<\/span><span style=\"color: #000000;\"><strong>parcial<\/strong><\/span>.<\/p>\n<p data-start=\"870\" data-end=\"976\">\ud83d\udccc<span style=\"color: #ff0000;\">IMPORTANTE<\/span>: A programa\u00e7\u00e3o oficial n\u00e3o foi divulgada e a data do evento pode mudar.<\/p>\n","protected":false},"featured_media":17102,"comment_status":"open","ping_status":"closed","template":"","meta":[],"product_brand":[],"product_cat":[20],"product_tag":[],"class_list":{"0":"post-16445","1":"product","2":"type-product","3":"status-publish","4":"has-post-thumbnail","6":"product_cat-bate-volta","7":"wcpa_has_options","9":"first","10":"instock","11":"shipping-taxable","12":"purchasable","13":"product-type-simple"},"wcpa_form_fields":{"rules":{"pric_overide_base_price":false,"pric_overide_base_price_if_gt_zero":false,"pric_overide_base_price_fully":false,"pric_cal_option_once":false,"pric_use_as_fee":false,"bind_quantity":false,"quantity_bind_formula":false},"fields":[{"type":"radio-group","required":true,"elementId":"wcpa-radio-group-68af629485c25","label":"Escolha a data:","priceOptions":"different_for_all","pricingType":"fixed","name":"radio-group-68af629485c33","other_text":"Other","cl_rule":"show","col":6,"values":[{"label":"20\/12\/2025","value":"option-1","price":"","pimage":"","pimage_id":"","pthumb":""}],"relations":false,"form_id":16812,"form_rules":{"pric_cal_option_once":false,"exclude_from_discount":false,"pric_use_as_fee":false,"fee_label":"Fee","render_after_acb":false,"disp_hide_options_price":false}},{"type":"radio-group","required":true,"elementId":"wcpa-radio-group-68af629485c52","label":"Selecionar o pagamento:","enablePrice":true,"priceOptions":"different_for_all","pricingType":"percentage","name":"radio-group-68af629485c5b","other_text":"Other","cl_rule":"show","col":6,"values":[{"label":"Integral R$219,00","value":"0","price":"0","pimage":"","pimage_id":"","pthumb":""},{"label":"Parcial R$109,50","value":"option-2","price":"-50","pimage":"","pimage_id":"","pthumb":""}],"relations":false,"price":0,"form_id":16812,"form_rules":{"pric_cal_option_once":false,"exclude_from_discount":false,"pric_use_as_fee":false,"fee_label":"Fee","render_after_acb":false,"disp_hide_options_price":false}},{"type":"radio-group","required":true,"elementId":"wcpa-radio-group-68af629485c3d","label":"Local de embarque","priceOptions":"different_for_all","pricingType":"fixed","name":"radio-group-68af629485c48","other_text":"Other","cl_rule":"show","col":6,"values":[{"label":"BETIM - 07h - Rodovi\u00e1ria","value":"option-1","price":"","pimage":"","pimage_id":"","pthumb":""},{"label":"CONTAGEM - 07h20 - P\u00e7. da CEMIG","value":"option-2","price":"","pimage":"","pimage_id":"","pthumb":""},{"label":"BELO HORIZONTE - 07h40 - Terminal JK","value":"option-3","price":"","pimage":"","pimage_id":"","pthumb":""}],"relations":false,"form_id":16812,"form_rules":{"pric_cal_option_once":false,"exclude_from_discount":false,"pric_use_as_fee":false,"fee_label":"Fee","render_after_acb":false,"disp_hide_options_price":false}},{"type":"paragraph","subtype":"div","label":"<small>Por gentileza, leia a <strong><span style=\"color: black;\">DESCRI\u00c7\u00c3O do passeio abaixo por completo<\/strong><\/span>. Feito isso, adicione o passeio ao <strong><span style=\"color: black;\">carrinho<\/strong><\/span> e <strong><span style=\"color: black;\">finalize a compra<\/strong><\/span>. As informa\u00e7\u00f5es contidas neste descritivo constituem acordo entre as partes. E quaisquer d\u00favidas, clique no \u00edcone do WhatsApp <strong><span style=\"color: black;\">\u2018POSSO AJUDAR\u2019<\/strong><\/span> para maiores esclarecimentos<\/small>.","elementId":"wcpa-paragraph-68af629485c65","pricingType":"fixed","cl_rule":"show","col":6,"relations":false,"form_id":16812,"form_rules":{"pric_cal_option_once":false,"exclude_from_discount":false,"pric_use_as_fee":false,"fee_label":"Fee","render_after_acb":false,"disp_hide_options_price":false}}]},"_links":{"self":[{"href":"https:\/\/advocacia7.entrandonodigital.com\/index.php?rest_route=\/wp\/v2\/product\/16445","targetHints":{"allow":["GET"]}}],"collection":[{"href":"https:\/\/advocacia7.entrandonodigital.com\/index.php?rest_route=\/wp\/v2\/product"}],"about":[{"href":"https:\/\/advocacia7.entrandonodigital.com\/index.php?rest_route=\/wp\/v2\/types\/product"}],"replies":[{"embeddable":true,"href":"https:\/\/advocacia7.entrandonodigital.com\/index.php?rest_route=%2Fwp%2Fv2%2Fcomments&post=16445"}],"version-history":[{"count":15,"href":"https:\/\/advocacia7.entrandonodigital.com\/index.php?rest_route=\/wp\/v2\/product\/16445\/revisions"}],"predecessor-version":[{"id":17101,"href":"https:\/\/advocacia7.entrandonodigital.com\/index.php?rest_route=\/wp\/v2\/product\/16445\/revisions\/17101"}],"wp:featuredmedia":[{"embeddable":true,"href":"https:\/\/advocacia7.entrandonodigital.com\/index.php?rest_route=\/wp\/v2\/media\/17102"}],"wp:attachment":[{"href":"https:\/\/advocacia7.entrandonodigital.com\/index.php?rest_route=%2Fwp%2Fv2%2Fmedia&parent=16445"}],"wp:term":[{"taxonomy":"product_brand","embeddable":true,"href":"https:\/\/advocacia7.entrandonodigital.com\/index.php?rest_route=%2Fwp%2Fv2%2Fproduct_brand&post=16445"},{"taxonomy":"product_cat","embeddable":true,"href":"https:\/\/advocacia7.entrandonodigital.com\/index.php?rest_route=%2Fwp%2Fv2%2Fproduct_cat&post=16445"},{"taxonomy":"product_tag","embeddable":true,"href":"https:\/\/advocacia7.entrandonodigital.com\/index.php?rest_route=%2Fwp%2Fv2%2Fproduct_tag&post=16445"}],"curies":[{"name":"wp","href":"https:\/\/api.w.org\/{rel}","templated":true}]}}