{"id":15887,"date":"2025-07-28T12:55:10","date_gmt":"2025-07-28T12:55:10","guid":{"rendered":"https:\/\/geraisviagens.com.br\/?page_id=15887"},"modified":"2025-07-28T13:12:58","modified_gmt":"2025-07-28T13:12:58","slug":"condicoes-climaticas","status":"publish","type":"page","link":"https:\/\/advocacia7.entrandonodigital.com\/?page_id=15887","title":{"rendered":"CONDIC\u0327O\u0303ES CLIMA\u0301TICAS"},"content":{"rendered":"\t\t<div data-elementor-type=\"wp-page\" data-elementor-id=\"15887\" class=\"elementor elementor-15887\" data-elementor-post-type=\"page\">\n\t\t\t\t<div class=\"wd-negative-gap elementor-element elementor-element-c95febd e-flex e-con-boxed e-con e-parent\" data-id=\"c95febd\" data-element_type=\"container\" data-e-type=\"container\">\n\t\t\t\t\t<div class=\"e-con-inner\">\n\t\t\t\t<div class=\"elementor-element elementor-element-c06f598 elementor-widget elementor-widget-spacer\" data-id=\"c06f598\" data-element_type=\"widget\" data-e-type=\"widget\" data-widget_type=\"spacer.default\">\n\t\t\t\t\t\t\t<div class=\"elementor-spacer\">\n\t\t\t<div class=\"elementor-spacer-inner\"><\/div>\n\t\t<\/div>\n\t\t\t\t\t\t<\/div>\n\t\t\t\t\t<\/div>\n\t\t\t\t<\/div>\n\t\t<div class=\"wd-negative-gap elementor-element elementor-element-62853e6 e-flex e-con-boxed e-con e-parent\" data-id=\"62853e6\" data-element_type=\"container\" data-e-type=\"container\">\n\t\t\t\t\t<div class=\"e-con-inner\">\n\t\t\t\t<div class=\"elementor-element elementor-element-181cff3 elementor-widget elementor-widget-heading\" data-id=\"181cff3\" data-element_type=\"widget\" data-e-type=\"widget\" data-widget_type=\"heading.default\">\n\t\t\t\t\t<h2 class=\"elementor-heading-title elementor-size-default\">PROCEDIMENTOS ADOTADOS PELA AG\u00caNCIA FRENTE \u00c0S CONDI\u00c7\u00d5ES CLIM\u00c1TICAS<\/h2>\t\t\t\t<\/div>\n\t\t\t\t\t<\/div>\n\t\t\t\t<\/div>\n\t\t<div class=\"wd-negative-gap elementor-element elementor-element-2013eb5 e-flex e-con-boxed e-con e-parent\" data-id=\"2013eb5\" data-element_type=\"container\" data-e-type=\"container\">\n\t\t\t\t\t<div class=\"e-con-inner\">\n\t\t\t\t<div class=\"elementor-element elementor-element-4950906 color-scheme-inherit text-left elementor-widget elementor-widget-text-editor\" data-id=\"4950906\" data-element_type=\"widget\" data-e-type=\"widget\" data-widget_type=\"text-editor.default\">\n\t\t\t\t\t\t\t\t\t<p data-start=\"101\" data-end=\"307\"><strong data-start=\"101\" data-end=\"120\">Entende-se que:<\/strong><br data-start=\"120\" data-end=\"123\" \/>Ningu\u00e9m confirma participa\u00e7\u00e3o em um evento j\u00e1 pensando em desistir. Mas, infelizmente, podem ocorrer imprevistos que impossibilitem que o participante realize o seu desejo de aventura.<\/p><p data-start=\"309\" data-end=\"530\">Uma desist\u00eancia \u00e9 prejudicial para todos. Considere ainda que, a partir de seu pedido de reserva, todos os compromissos subsequentes com a cadeia de fornecedores e prestadores de servi\u00e7os s\u00e3o assumidos pela nossa ag\u00eancia.<\/p><p data-start=\"532\" data-end=\"765\">Portanto, a ag\u00eancia deixa claro os termos da <strong data-start=\"577\" data-end=\"605\">Pol\u00edtica de Cancelamento<\/strong> na descri\u00e7\u00e3o do passeio pelo site.<br data-start=\"640\" data-end=\"643\" \/><strong data-start=\"643\" data-end=\"726\">Dito isto, caso queira rever os termos da POL\u00cdTICA DE CANCELAMENTO, CLIQUE AQUI<\/strong>, evitando assim poss\u00edveis transtornos.<\/p><hr data-start=\"767\" data-end=\"770\" \/><h3 data-start=\"772\" data-end=\"802\"><strong data-start=\"776\" data-end=\"800\">CONDI\u00c7\u00d5ES CLIM\u00c1TICAS<\/strong><\/h3><p data-start=\"803\" data-end=\"972\">Qualquer evento que ocorre ao ar livre est\u00e1 sujeito \u00e0s mudan\u00e7as clim\u00e1ticas, e caber\u00e1 exclusivamente \u00e0 ag\u00eancia avaliar as poss\u00edveis condi\u00e7\u00f5es para a realiza\u00e7\u00e3o do evento.<\/p><p data-start=\"974\" data-end=\"1226\">Sendo assim, entendemos que as chuvas que podem vir a cair neste per\u00edodo do ano s\u00e3o bem isoladas, n\u00e3o sendo constantes. Normalmente, <strong data-start=\"1107\" data-end=\"1117\">quando<\/strong> caem, ocorrem no final da tarde ou \u00e0 noite, o que <strong data-start=\"1168\" data-end=\"1189\">n\u00e3o impossibilita<\/strong> o desenvolvimento seguro do passeio.<\/p><p data-start=\"1228\" data-end=\"1542\">Caso o participante <strong data-start=\"1248\" data-end=\"1326\">n\u00e3o se sinta confort\u00e1vel ou seguro para ir ao passeio, por qualquer motivo<\/strong>, entendemos e respeitamos. Por\u00e9m, o mesmo deve atentar-se \u00e0 <strong data-start=\"1387\" data-end=\"1415\">POL\u00cdTICA DE CANCELAMENTO<\/strong> e ao enunciado \u201c<strong data-start=\"1432\" data-end=\"1494\">procedimentos adotados pela ag\u00eancia &#8211; condi\u00e7\u00f5es clim\u00e1ticas<\/strong>\u201d, descrito no detalhamento do passeio pelo PDF.<\/p><hr data-start=\"1544\" data-end=\"1547\" \/><h3 data-start=\"1549\" data-end=\"1579\"><strong data-start=\"1553\" data-end=\"1579\">D\u00daVIDA QUE PODE SURGIR<\/strong><\/h3><p data-start=\"1581\" data-end=\"1700\"><strong data-start=\"1581\" data-end=\"1592\">D\u00favida:<\/strong><br data-start=\"1592\" data-end=\"1595\" \/>Se estiver chovendo no dia anterior ou at\u00e9 mesmo durante o ato de embarque, o passeio continuar\u00e1 mantido?<\/p><p data-start=\"1702\" data-end=\"1765\"><strong data-start=\"1702\" data-end=\"1715\">Resposta:<\/strong><br data-start=\"1715\" data-end=\"1718\" \/>Sim, o passeio continuar\u00e1 mantido pela ag\u00eancia!<\/p><p data-start=\"1767\" data-end=\"1944\">Entendemos que o fator <strong data-start=\"1790\" data-end=\"1818\">chuva no ato de embarque<\/strong> pode causar algum desconforto para o(s) participante(s). Por\u00e9m, solicitamos que o mesmo se organize da melhor forma poss\u00edvel.<\/p><p data-start=\"1946\" data-end=\"2236\">Agora, <strong data-start=\"1953\" data-end=\"2058\">havendo a real necessidade do cancelamento do passeio por motivos clim\u00e1ticos ou qualquer outro motivo<\/strong>, a <strong data-start=\"2062\" data-end=\"2157\">COMUNICA\u00c7\u00c3O DO CANCELAMENTO SER\u00c1 REALIZADA EXCLUSIVAMENTE NO GRUPO DO PASSEIO PELO WHATSAPP<\/strong>, com <strong data-start=\"2163\" data-end=\"2235\">anteced\u00eancia de pelo menos 12h antes do primeiro hor\u00e1rio de embarque<\/strong>.<\/p>\t\t\t\t\t\t\t\t<\/div>\n\t\t\t\t\t<\/div>\n\t\t\t\t<\/div>\n\t\t\t\t<\/div>\n\t\t","protected":false},"excerpt":{"rendered":"<p>PROCEDIMENTOS ADOTADOS PELA AG\u00caNCIA FRENTE \u00c0S CONDI\u00c7\u00d5ES CLIM\u00c1TICAS Entende-se que:Ningu\u00e9m confirma participa\u00e7\u00e3o em um evento j\u00e1 pensando em desistir. Mas,<\/p>\n","protected":false},"author":1,"featured_media":0,"parent":0,"menu_order":0,"comment_status":"closed","ping_status":"closed","template":"","meta":{"footnotes":""},"class_list":["post-15887","page","type-page","status-publish","hentry"],"_links":{"self":[{"href":"https:\/\/advocacia7.entrandonodigital.com\/index.php?rest_route=\/wp\/v2\/pages\/15887","targetHints":{"allow":["GET"]}}],"collection":[{"href":"https:\/\/advocacia7.entrandonodigital.com\/index.php?rest_route=\/wp\/v2\/pages"}],"about":[{"href":"https:\/\/advocacia7.entrandonodigital.com\/index.php?rest_route=\/wp\/v2\/types\/page"}],"author":[{"embeddable":true,"href":"https:\/\/advocacia7.entrandonodigital.com\/index.php?rest_route=\/wp\/v2\/users\/1"}],"replies":[{"embeddable":true,"href":"https:\/\/advocacia7.entrandonodigital.com\/index.php?rest_route=%2Fwp%2Fv2%2Fcomments&post=15887"}],"version-history":[{"count":7,"href":"https:\/\/advocacia7.entrandonodigital.com\/index.php?rest_route=\/wp\/v2\/pages\/15887\/revisions"}],"predecessor-version":[{"id":15908,"href":"https:\/\/advocacia7.entrandonodigital.com\/index.php?rest_route=\/wp\/v2\/pages\/15887\/revisions\/15908"}],"wp:attachment":[{"href":"https:\/\/advocacia7.entrandonodigital.com\/index.php?rest_route=%2Fwp%2Fv2%2Fmedia&parent=15887"}],"curies":[{"name":"wp","href":"https:\/\/api.w.org\/{rel}","templated":true}]}}