{"id":15832,"date":"2025-07-27T17:57:45","date_gmt":"2025-07-27T17:57:45","guid":{"rendered":"https:\/\/geraisviagens.com.br\/?page_id=15832"},"modified":"2025-07-27T18:02:28","modified_gmt":"2025-07-27T18:02:28","slug":"politicas-de-cookis","status":"publish","type":"page","link":"https:\/\/advocacia7.entrandonodigital.com\/?page_id=15832","title":{"rendered":"Pol\u00edtica de Cookies"},"content":{"rendered":"\t\t<div data-elementor-type=\"wp-page\" data-elementor-id=\"15832\" class=\"elementor elementor-15832\" data-elementor-post-type=\"page\">\n\t\t\t\t<div class=\"wd-negative-gap elementor-element elementor-element-9ef394b e-flex e-con-boxed e-con e-parent\" data-id=\"9ef394b\" data-element_type=\"container\" data-e-type=\"container\">\n\t\t\t\t\t<div class=\"e-con-inner\">\n\t\t\t\t\t<\/div>\n\t\t\t\t<\/div>\n\t\t<div class=\"wd-negative-gap elementor-element elementor-element-2dd0eba e-flex e-con-boxed e-con e-parent\" data-id=\"2dd0eba\" data-element_type=\"container\" data-e-type=\"container\">\n\t\t\t\t\t<div class=\"e-con-inner\">\n\t\t\t\t<div class=\"elementor-element elementor-element-38dcb6e elementor-widget elementor-widget-spacer\" data-id=\"38dcb6e\" data-element_type=\"widget\" data-e-type=\"widget\" data-widget_type=\"spacer.default\">\n\t\t\t\t\t\t\t<div class=\"elementor-spacer\">\n\t\t\t<div class=\"elementor-spacer-inner\"><\/div>\n\t\t<\/div>\n\t\t\t\t\t\t<\/div>\n\t\t\t\t\t<\/div>\n\t\t\t\t<\/div>\n\t\t<div class=\"wd-negative-gap elementor-element elementor-element-fd4d0bd e-flex e-con-boxed e-con e-parent\" data-id=\"fd4d0bd\" data-element_type=\"container\" data-e-type=\"container\">\n\t\t\t\t\t<div class=\"e-con-inner\">\n\t\t\t\t<div class=\"elementor-element elementor-element-9878684 elementor-widget elementor-widget-heading\" data-id=\"9878684\" data-element_type=\"widget\" data-e-type=\"widget\" data-widget_type=\"heading.default\">\n\t\t\t\t\t<h2 class=\"elementor-heading-title elementor-size-default\">Pol\u00edtica de Cookies \u2013 Gerais Viagens\n<\/h2>\t\t\t\t<\/div>\n\t\t\t\t<div class=\"elementor-element elementor-element-797e215 color-scheme-inherit text-left elementor-widget elementor-widget-text-editor\" data-id=\"797e215\" data-element_type=\"widget\" data-e-type=\"widget\" data-widget_type=\"text-editor.default\">\n\t\t\t\t\t\t\t\t\t<p data-start=\"347\" data-end=\"588\">A Gerais Viagens valoriza a sua privacidade e est\u00e1 comprometida com a transpar\u00eancia no tratamento dos seus dados. Esta Pol\u00edtica de Cookies explica como utilizamos cookies e tecnologias semelhantes para melhorar sua experi\u00eancia em nosso site.<\/p><h3 data-start=\"590\" data-end=\"615\">\u00a0O que s\u00e3o cookies?<\/h3><p data-start=\"617\" data-end=\"828\">Cookies s\u00e3o pequenos arquivos de texto armazenados no seu navegador quando voc\u00ea acessa um site. Eles ajudam a lembrar suas prefer\u00eancias, entender como voc\u00ea interage com o conte\u00fado e personalizar sua experi\u00eancia.<\/p><hr data-start=\"830\" data-end=\"833\" \/><h3 data-start=\"835\" data-end=\"866\">\u00a0Para que usamos cookies?<\/h3><p data-start=\"868\" data-end=\"910\">Utilizamos cookies para os seguintes fins:<\/p><ul data-start=\"912\" data-end=\"1493\"><li data-start=\"912\" data-end=\"1058\"><p data-start=\"914\" data-end=\"1058\"><strong data-start=\"914\" data-end=\"937\">Cookies Essenciais:<\/strong> Necess\u00e1rios para o funcionamento adequado do site. Sem eles, algumas funcionalidades podem n\u00e3o funcionar corretamente.<\/p><\/li><li data-start=\"1059\" data-end=\"1225\"><p data-start=\"1061\" data-end=\"1225\"><strong data-start=\"1061\" data-end=\"1087\">Cookies de Desempenho:<\/strong> Coletam informa\u00e7\u00f5es an\u00f4nimas sobre como os visitantes usam o site (ex: p\u00e1ginas mais acessadas), para que possamos melhorar a navega\u00e7\u00e3o.<\/p><\/li><li data-start=\"1226\" data-end=\"1362\"><p data-start=\"1228\" data-end=\"1362\"><strong data-start=\"1228\" data-end=\"1258\">Cookies de Funcionalidade:<\/strong> Guardam suas prefer\u00eancias (ex: idioma, localiza\u00e7\u00e3o) para oferecer uma experi\u00eancia mais personalizada.<\/p><\/li><li data-start=\"1363\" data-end=\"1493\"><p data-start=\"1365\" data-end=\"1493\"><strong data-start=\"1365\" data-end=\"1390\">Cookies de Marketing:<\/strong> Usados para apresentar an\u00fancios relevantes e personalizados, com base nos seus interesses e navega\u00e7\u00e3o.<\/p><\/li><\/ul><hr data-start=\"1495\" data-end=\"1498\" \/><h3 data-start=\"1500\" data-end=\"1520\">Consentimento<\/h3><p data-start=\"1522\" data-end=\"1807\">Ao continuar navegando em nosso site, voc\u00ea concorda com o uso de cookies conforme esta pol\u00edtica. Caso deseje, voc\u00ea pode configurar seu navegador para bloquear ou alertar sobre a instala\u00e7\u00e3o desses arquivos, lembrando que algumas partes do site podem n\u00e3o funcionar corretamente sem eles.<\/p><hr data-start=\"1809\" data-end=\"1812\" \/><h3 data-start=\"1814\" data-end=\"1847\">Como gerenciar os cookies?<\/h3><p data-start=\"1849\" data-end=\"2022\">Voc\u00ea pode alterar as permiss\u00f5es, bloquear ou recusar os cookies diretamente nas configura\u00e7\u00f5es do seu navegador. Abaixo, links com orienta\u00e7\u00f5es para os principais navegadores:<\/p><ul data-start=\"2024\" data-end=\"2400\"><li data-start=\"2024\" data-end=\"2100\"><p data-start=\"2026\" data-end=\"2100\"><a class=\"cursor-pointer\" target=\"_new\" rel=\"noopener\" data-start=\"2026\" data-end=\"2098\">Google Chrome<\/a><\/p><\/li><li data-start=\"2101\" data-end=\"2185\"><p data-start=\"2103\" data-end=\"2185\"><a class=\"cursor-pointer\" target=\"_new\" rel=\"noopener\" data-start=\"2103\" data-end=\"2183\">Mozilla Firefox<\/a><\/p><\/li><li data-start=\"2186\" data-end=\"2329\"><p data-start=\"2188\" data-end=\"2329\"><a class=\"cursor-pointer\" target=\"_new\" rel=\"noopener\" data-start=\"2188\" data-end=\"2327\">Microsoft Edge<\/a><\/p><\/li><li data-start=\"2330\" data-end=\"2400\"><p data-start=\"2332\" data-end=\"2400\"><a class=\"cursor-pointer\" target=\"_new\" rel=\"noopener\" data-start=\"2332\" data-end=\"2400\">Safari<\/a><\/p><\/li><\/ul><hr data-start=\"2402\" data-end=\"2405\" \/><h3 data-start=\"2407\" data-end=\"2433\">\u00a0Seus dados e a LGPD<\/h3><p data-start=\"2435\" data-end=\"2653\">Em conformidade com a <strong data-start=\"2457\" data-end=\"2498\">Lei Geral de Prote\u00e7\u00e3o de Dados (LGPD)<\/strong>, garantimos que os dados coletados por meio de cookies s\u00e3o tratados com seguran\u00e7a, responsabilidade e apenas para as finalidades descritas nesta pol\u00edtica.<\/p><hr data-start=\"2655\" data-end=\"2658\" \/><h3 data-start=\"2660\" data-end=\"2683\">Fale com a gente<\/h3><p data-start=\"2685\" data-end=\"2809\">Se voc\u00ea tiver d\u00favidas sobre esta Pol\u00edtica de Cookies ou sobre o tratamento de seus dados pessoais, entre em contato conosco:<\/p><p data-start=\"2811\" data-end=\"2893\">\ud83d\udce7 <strong data-start=\"2814\" data-end=\"2825\">E-mail:<\/strong> <a class=\"cursor-pointer\" rel=\"noopener\" data-start=\"2826\" data-end=\"2858\">atendimento@geraisviagens.com.br<\/a><br data-start=\"2858\" data-end=\"2861\" \/>\ud83d\udcf1 <strong data-start=\"2864\" data-end=\"2877\">WhatsApp:<\/strong> (31) 99510-1188<\/p><hr data-start=\"2895\" data-end=\"2898\" \/><p data-start=\"2900\" data-end=\"2943\"><strong data-start=\"2900\" data-end=\"2923\">\u00daltima atualiza\u00e7\u00e3o:<\/strong> 16 de julho de 2025<\/p>\t\t\t\t\t\t\t\t<\/div>\n\t\t\t\t\t<\/div>\n\t\t\t\t<\/div>\n\t\t\t\t<\/div>\n\t\t","protected":false},"excerpt":{"rendered":"<p>Pol\u00edtica de Cookies \u2013 Gerais Viagens A Gerais Viagens valoriza a sua privacidade e est\u00e1 comprometida com a transpar\u00eancia no<\/p>\n","protected":false},"author":1,"featured_media":0,"parent":0,"menu_order":0,"comment_status":"closed","ping_status":"closed","template":"","meta":{"footnotes":""},"class_list":["post-15832","page","type-page","status-publish","hentry"],"_links":{"self":[{"href":"https:\/\/advocacia7.entrandonodigital.com\/index.php?rest_route=\/wp\/v2\/pages\/15832","targetHints":{"allow":["GET"]}}],"collection":[{"href":"https:\/\/advocacia7.entrandonodigital.com\/index.php?rest_route=\/wp\/v2\/pages"}],"about":[{"href":"https:\/\/advocacia7.entrandonodigital.com\/index.php?rest_route=\/wp\/v2\/types\/page"}],"author":[{"embeddable":true,"href":"https:\/\/advocacia7.entrandonodigital.com\/index.php?rest_route=\/wp\/v2\/users\/1"}],"replies":[{"embeddable":true,"href":"https:\/\/advocacia7.entrandonodigital.com\/index.php?rest_route=%2Fwp%2Fv2%2Fcomments&post=15832"}],"version-history":[{"count":10,"href":"https:\/\/advocacia7.entrandonodigital.com\/index.php?rest_route=\/wp\/v2\/pages\/15832\/revisions"}],"predecessor-version":[{"id":15843,"href":"https:\/\/advocacia7.entrandonodigital.com\/index.php?rest_route=\/wp\/v2\/pages\/15832\/revisions\/15843"}],"wp:attachment":[{"href":"https:\/\/advocacia7.entrandonodigital.com\/index.php?rest_route=%2Fwp%2Fv2%2Fmedia&parent=15832"}],"curies":[{"name":"wp","href":"https:\/\/api.w.org\/{rel}","templated":true}]}}